{"id":5,"date":"2014-04-16T12:05:01","date_gmt":"2014-04-16T10:05:01","guid":{"rendered":"http:\/\/www.enil.pl\/home\/u368713\/domains\/enil.pl\/public_html\/blog\/?page_id=5"},"modified":"2014-12-10T15:16:32","modified_gmt":"2014-12-10T14:16:32","slug":"wspolpraca","status":"publish","type":"page","link":"https:\/\/www.enil.pl\/blog\/wspolpraca\/","title":{"rendered":"Wsp\u00f3\u0142praca"},"content":{"rendered":"<p><strong>Masz pytania? Napisz lub zadzwo\u0144 do nas!<\/strong><\/p>\n<p><strong> Enil Sukces w Sieci<\/strong><\/p>\n<p>Ul. Lea 112\/147<br \/>\n30-133 Krak\u00f3w<\/p>\n<p>Tel.: 12 312 17 00<br \/>\nKom. 502 068 535<\/p>\n<p>Fax: 12 312 17 01<\/p>\n<p>biuro@enil.pl<br \/>\nwww.enil.pl<\/p>\n<h3>Napisz do nas<\/h3>\n\n<div class=\"wpcf7 no-js\" id=\"wpcf7-f1809-o1\" lang=\"pl-PL\" dir=\"ltr\" data-wpcf7-id=\"1809\">\n<div class=\"screen-reader-response\"><p role=\"status\" aria-live=\"polite\" aria-atomic=\"true\"><\/p> <ul><\/ul><\/div>\n<form action=\"\/blog\/wp-json\/wp\/v2\/pages\/5#wpcf7-f1809-o1\" method=\"post\" class=\"wpcf7-form init\" aria-label=\"Formularz kontaktowy\" novalidate=\"novalidate\" data-status=\"init\">\n<div style=\"display: none;\">\n<input type=\"hidden\" name=\"_wpcf7\" value=\"1809\" \/>\n<input type=\"hidden\" name=\"_wpcf7_version\" value=\"6.0.5\" \/>\n<input type=\"hidden\" name=\"_wpcf7_locale\" value=\"pl_PL\" \/>\n<input type=\"hidden\" name=\"_wpcf7_unit_tag\" value=\"wpcf7-f1809-o1\" \/>\n<input type=\"hidden\" name=\"_wpcf7_container_post\" value=\"0\" \/>\n<input type=\"hidden\" name=\"_wpcf7_posted_data_hash\" value=\"\" \/>\n<input type=\"hidden\" name=\"_wpcf7_recaptcha_response\" value=\"\" \/>\n<\/div>\n<p>Imi\u0119 i nazwisko\n<\/p>\n<p><span class=\"wpcf7-form-control-wrap\" data-name=\"your-name\"><input size=\"40\" maxlength=\"400\" class=\"wpcf7-form-control wpcf7-text wpcf7-validates-as-required\" aria-required=\"true\" aria-invalid=\"false\" value=\"\" type=\"text\" name=\"your-name\" \/><\/span>\n<\/p>\n<p>Adres email (wymagane)\n<\/p>\n<p><span class=\"wpcf7-form-control-wrap\" data-name=\"your-email\"><input size=\"40\" maxlength=\"400\" class=\"wpcf7-form-control wpcf7-email wpcf7-validates-as-required wpcf7-text wpcf7-validates-as-email\" aria-required=\"true\" aria-invalid=\"false\" value=\"\" type=\"email\" name=\"your-email\" \/><\/span>\n<\/p>\n<p>Adres email (wymagane)\n<\/p>\n<p><span class=\"wpcf7-form-control-wrap\" data-name=\"tresc\"><textarea cols=\"40\" rows=\"10\" maxlength=\"2000\" class=\"wpcf7-form-control wpcf7-textarea\" aria-invalid=\"false\" name=\"tresc\"><\/textarea><\/span>\n<\/p>\n<p><input class=\"wpcf7-form-control wpcf7-submit has-spinner\" type=\"submit\" value=\"Wy\u015blij\" \/>\n<\/p><div class=\"wpcf7-response-output\" aria-hidden=\"true\"><\/div>\n<\/form>\n<\/div>\n\n","protected":false},"excerpt":{"rendered":"<p>Masz pytania? Napisz lub zadzwo\u0144 do nas! Enil Sukces w Sieci Ul. Lea 112\/147 30-133 Krak\u00f3w Tel.: 12 312 17 00 Kom. 502 068 535 Fax: 12 312 17 01 biuro@enil.pl www.enil.pl Napisz do nas<\/p>\n","protected":false},"author":1,"featured_media":0,"parent":0,"menu_order":0,"comment_status":"open","ping_status":"open","template":"","meta":{"_acf_changed":false,"footnotes":""},"class_list":["post-5","page","type-page","status-publish","hentry"],"acf":[],"aioseo_notices":[],"_links":{"self":[{"href":"https:\/\/www.enil.pl\/blog\/wp-json\/wp\/v2\/pages\/5","targetHints":{"allow":["GET"]}}],"collection":[{"href":"https:\/\/www.enil.pl\/blog\/wp-json\/wp\/v2\/pages"}],"about":[{"href":"https:\/\/www.enil.pl\/blog\/wp-json\/wp\/v2\/types\/page"}],"author":[{"embeddable":true,"href":"https:\/\/www.enil.pl\/blog\/wp-json\/wp\/v2\/users\/1"}],"replies":[{"embeddable":true,"href":"https:\/\/www.enil.pl\/blog\/wp-json\/wp\/v2\/comments?post=5"}],"version-history":[{"count":4,"href":"https:\/\/www.enil.pl\/blog\/wp-json\/wp\/v2\/pages\/5\/revisions"}],"predecessor-version":[{"id":1929,"href":"https:\/\/www.enil.pl\/blog\/wp-json\/wp\/v2\/pages\/5\/revisions\/1929"}],"wp:attachment":[{"href":"https:\/\/www.enil.pl\/blog\/wp-json\/wp\/v2\/media?parent=5"}],"curies":[{"name":"wp","href":"https:\/\/api.w.org\/{rel}","templated":true}]}}